{"id":9,"date":"2019-05-15T15:16:37","date_gmt":"2019-05-15T13:16:37","guid":{"rendered":"https:\/\/www.martinkreuzer.net\/?page_id=9"},"modified":"2019-05-15T15:16:37","modified_gmt":"2019-05-15T13:16:37","slug":"cenik","status":"publish","type":"page","link":"https:\/\/www.martinkreuzer.net\/index.php\/cenik\/","title":{"rendered":"cen\u00edk"},"content":{"rendered":"\r\n<ul>\r\n<li style=\"text-align: left;\">Ceny za projektov\u00e9 pr\u00e1ce a vypracov\u00e1n\u00ed projektov\u00e9 dokumentace stavby se \u0159\u00edd\u00ed honor\u00e1\u0159ov\u00fdm \u0159\u00e1dem \u010cesk\u00e9 komory autorizovan\u00fdch in\u017een\u00fdr\u016f a technik\u016f \u010dinn\u00fdch ve v\u00fdstavb\u011b a dohodou mezi investorem a projektantem<\/li>\r\n<\/ul>\r\n\r\n\r\n\r\n<ul style=\"text-align: left;\">\r\n<li>Cena za vypracov\u00e1n\u00ed projektov\u00e9 dokumentace se stanovuje na z\u00e1klad\u011b dohody s objednatelem a vypo\u010d\u00edt\u00e1v\u00e1 se 3 \u2013 7 % z ceny stavby, p\u0159\u00edpadn\u011b dle n\u00e1ro\u010dnosti projektu individueln\u011b<\/li>\r\n<\/ul>\r\n\r\n\r\n\r\n<ul style=\"text-align: left;\">\r\n<li>Na ka\u017ed\u00e9 vypracov\u00e1n\u00ed projektov\u00e9 dokumentace bude s V\u00e1mi uzav\u0159ena smlouva o proveden\u00ed pr\u00e1ce \u010di jin\u00fd obdobn\u00fd dokument<\/li>\r\n<\/ul>\r\n\r\n\r\n\r\n<ul style=\"text-align: left;\">\r\n<li>V cen\u011b je zahrnuto vypracov\u00e1n\u00ed projektov\u00e9 dokumentace stavby dle objedn\u00e1vky, kterou V\u00e1m vyhotov\u00edm a uvedu p\u0159esn\u011b co cena obsahuje \u00a0<\/li>\r\n<\/ul>\r\n\r\n\r\n\r\n<ul style=\"text-align: left;\">\r\n<li>V cen\u011b projektov\u00e9 dokumentace (dle povahy a druhu stavby) je zahrnuto v\u011bt\u0161inou v\u00fd\u0161kopisn\u00e9 zam\u011b\u0159en\u00ed pozemku a pap\u00edrov\u00e9 usazen\u00ed stavby do ter\u00e9nu, stavebn\u00ed v\u00fdkresy, statika, po\u017e\u00e1rn\u011b bezpe\u010dnostn\u00ed \u0159e\u0161en\u00ed stavby, projekt vyt\u00e1p\u011bn\u00ed, m\u011b\u0159en\u00ed radonu, dle dohody \u0159e\u0161en\u00ed elektro, vzduchotechniky, zdravotechniky, hlukov\u00e1 studie apod. Ve\u0161ker\u00e1 nadstandardn\u00ed dopln\u011bn\u00ed projektu navy\u0161uj\u00ed samoz\u0159ejm\u011b jeho cenu<\/li>\r\n<\/ul>\r\n\r\n\r\n\r\n<ul style=\"text-align: left;\">\r\n<li>V cen\u011b je d\u00e1le zahrnuto, pokud se dohodne s objednatelem, i zaji\u0161t\u011bn\u00ed ve\u0161ker\u00fdch podklad\u016f pro vyd\u00e1n\u00ed p\u0159\u00edslu\u0161n\u00fdch povolen\u00ed a rozhodnut\u00ed, co\u017e obn\u00e1\u0161\u00ed zaji\u0161t\u011bn\u00ed z\u00e1vazn\u00fdch stanovisek hygieny, hasi\u010d\u016f, odboru \u017eivotn\u00edho prost\u0159ed\u00ed, odboru dopravy, pam\u00e1tk\u00e1\u0159\u016f, veterin\u00e1rn\u00ed p\u00e9\u010de, dopravn\u00ed policie a spr\u00e1vc\u016f jednotliv\u00fdch s\u00edt\u00ed<\/li>\r\n<\/ul>\r\n\r\n\r\n\r\n<ul>\r\n<li style=\"text-align: left;\">D\u00e1le je mo\u017en\u00e9 k projektu zajistit vyhotoven\u00ed polo\u017ekov\u00e9ho rozpo\u010dtu stavby<\/li>\r\n<\/ul>\r\n","protected":false},"excerpt":{"rendered":"<p>Ceny za projektov\u00e9 pr\u00e1ce a vypracov\u00e1n\u00ed projektov\u00e9 dokumentace stavby se \u0159\u00edd\u00ed honor\u00e1\u0159ov\u00fdm \u0159\u00e1dem \u010cesk\u00e9 komory autorizovan\u00fdch in\u017een\u00fdr\u016f a technik\u016f \u010dinn\u00fdch&hellip;<\/p>\n","protected":false},"author":1,"featured_media":0,"parent":0,"menu_order":0,"comment_status":"closed","ping_status":"closed","template":"","meta":{"footnotes":""},"class_list":["post-9","page","type-page","status-publish","hentry"],"_links":{"self":[{"href":"https:\/\/www.martinkreuzer.net\/index.php\/wp-json\/wp\/v2\/pages\/9","targetHints":{"allow":["GET"]}}],"collection":[{"href":"https:\/\/www.martinkreuzer.net\/index.php\/wp-json\/wp\/v2\/pages"}],"about":[{"href":"https:\/\/www.martinkreuzer.net\/index.php\/wp-json\/wp\/v2\/types\/page"}],"author":[{"embeddable":true,"href":"https:\/\/www.martinkreuzer.net\/index.php\/wp-json\/wp\/v2\/users\/1"}],"replies":[{"embeddable":true,"href":"https:\/\/www.martinkreuzer.net\/index.php\/wp-json\/wp\/v2\/comments?post=9"}],"version-history":[{"count":1,"href":"https:\/\/www.martinkreuzer.net\/index.php\/wp-json\/wp\/v2\/pages\/9\/revisions"}],"predecessor-version":[{"id":11,"href":"https:\/\/www.martinkreuzer.net\/index.php\/wp-json\/wp\/v2\/pages\/9\/revisions\/11"}],"wp:attachment":[{"href":"https:\/\/www.martinkreuzer.net\/index.php\/wp-json\/wp\/v2\/media?parent=9"}],"curies":[{"name":"wp","href":"https:\/\/api.w.org\/{rel}","templated":true}]}}