{"id":6,"date":"2019-05-15T15:15:36","date_gmt":"2019-05-15T13:15:36","guid":{"rendered":"https:\/\/www.martinkreuzer.net\/?page_id=6"},"modified":"2019-05-15T15:15:36","modified_gmt":"2019-05-15T13:15:36","slug":"aktuality","status":"publish","type":"page","link":"https:\/\/www.martinkreuzer.net\/","title":{"rendered":"Aktuality"},"content":{"rendered":"\r\n<p>&nbsp;<\/p>\r\n<p style=\"text-align: center;\"><strong>V sou\u010dasnosti projektujeme p\u0159\u00edstavbu RD v Zaje\u010dic\u00edch, <\/strong><strong>v Hut\u00edch u \u010cern\u00fd\u0161ovic,<\/strong><\/p>\r\n<p style=\"text-align: center;\"><strong> rekonstrukci domu v Milevsku na provozovnu, halu na opravu n\u00e1kladn\u00edch aut, <\/strong><\/p>\r\n<p style=\"text-align: center;\"><strong>rodinn\u00fd d\u016fm v Kv\u011btov\u011b, prodejnu rychl\u00e9ho ob\u010derstven\u00ed <\/strong><\/p>\r\n<p style=\"text-align: center;\"><strong>na Zv\u00edkovsk\u00e9m Podhrad\u00ed &#8230;&#8230;..<\/strong><\/p>\r\n","protected":false},"excerpt":{"rendered":"<p>&nbsp; V sou\u010dasnosti projektujeme p\u0159\u00edstavbu RD v Zaje\u010dic\u00edch, v Hut\u00edch u \u010cern\u00fd\u0161ovic, rekonstrukci domu v Milevsku na provozovnu, halu na&hellip;<\/p>\n","protected":false},"author":1,"featured_media":0,"parent":0,"menu_order":0,"comment_status":"closed","ping_status":"closed","template":"","meta":{"footnotes":""},"class_list":["post-6","page","type-page","status-publish","hentry"],"_links":{"self":[{"href":"https:\/\/www.martinkreuzer.net\/index.php\/wp-json\/wp\/v2\/pages\/6","targetHints":{"allow":["GET"]}}],"collection":[{"href":"https:\/\/www.martinkreuzer.net\/index.php\/wp-json\/wp\/v2\/pages"}],"about":[{"href":"https:\/\/www.martinkreuzer.net\/index.php\/wp-json\/wp\/v2\/types\/page"}],"author":[{"embeddable":true,"href":"https:\/\/www.martinkreuzer.net\/index.php\/wp-json\/wp\/v2\/users\/1"}],"replies":[{"embeddable":true,"href":"https:\/\/www.martinkreuzer.net\/index.php\/wp-json\/wp\/v2\/comments?post=6"}],"version-history":[{"count":1,"href":"https:\/\/www.martinkreuzer.net\/index.php\/wp-json\/wp\/v2\/pages\/6\/revisions"}],"predecessor-version":[{"id":8,"href":"https:\/\/www.martinkreuzer.net\/index.php\/wp-json\/wp\/v2\/pages\/6\/revisions\/8"}],"wp:attachment":[{"href":"https:\/\/www.martinkreuzer.net\/index.php\/wp-json\/wp\/v2\/media?parent=6"}],"curies":[{"name":"wp","href":"https:\/\/api.w.org\/{rel}","templated":true}]}}