{"id":21,"date":"2019-05-15T15:20:09","date_gmt":"2019-05-15T13:20:09","guid":{"rendered":"https:\/\/www.martinkreuzer.net\/?page_id=21"},"modified":"2019-05-15T15:20:09","modified_gmt":"2019-05-15T13:20:09","slug":"spolupracuji-s","status":"publish","type":"page","link":"https:\/\/www.martinkreuzer.net\/index.php\/spolupracuji-s\/","title":{"rendered":"spolupracuji s &#8230;"},"content":{"rendered":"\r\n<ul>\r\n<li style=\"text-align: left;\"><strong>V\u00fd\u0161kopisn\u00e9 zam\u011b\u0159en\u00ed pozemk\u016f, geodetick\u00e9 pr\u00e1ce a vyt\u00fd\u010den\u00ed staveb<\/strong><br \/>&#8211; Bc. Jan Klav\u00edk tel. 603716187<br \/><br \/><\/li>\r\n<li style=\"text-align: left;\"><strong>Radonov\u00fd index pozemku, eventueln\u011b radonov\u00e1 opat\u0159en\u00ed<br \/><\/strong>&#8211; Mgr.Michal Sochor \u2013 Radontest tel. 800220022<br \/><br \/><\/li>\r\n<li style=\"text-align: left;\"><strong>Po\u017e\u00e1rn\u011b bezpe\u010dnostn\u00ed \u0159e\u0161en\u00ed stavby<\/strong><br \/>&#8211; Ing. Miroslav Ctibor tel.777688660<br \/><br \/><\/li>\r\n<li style=\"text-align: left;\"><strong>Pr\u016fkazy energetick\u00e9 n\u00e1ro\u010dnosti budovy, energetick\u00e9 audity<\/strong><br \/>&#8211; Ing. Renata Govoruchinov\u00e1 tel. 605885779<br \/><br \/><\/li>\r\n<li style=\"text-align: left;\"><strong>Projekce dopravn\u00edch staveb a DIO<\/strong><br \/>&#8211; Ing. Zden\u011bk Herch tel. 604430677<br \/><br \/><\/li>\r\n<li style=\"text-align: left;\"><strong>Hlukov\u00e9 studie a stavebn\u00ed fyzika<br \/><\/strong>&#8211; Ing. V\u00e1clav Hor\u010di\u010dka tel. 603492499<br \/><br \/><\/li>\r\n<li style=\"text-align: left;\"><strong>Projektov\u00e1n\u00ed topen\u00ed, zdravotechniky<br \/><\/strong>&#8211; Milan Kacovsk\u00fd (Inteps P\u00edsek) tel. 777559205<br \/><br \/><\/li>\r\n<li style=\"text-align: left;\"><strong>Statika a dynamika stave<br \/><\/strong> &#8211; Ing. Jan Kainr\u00e1th tel. 737256889<\/li>\r\n<li>\u00a0<\/li>\r\n<li style=\"text-align: left;\"><strong>Statika a dynamika staveb <br \/><\/strong> &#8211;\u00a0\u00a0 Ing. Adam Kurd\u00edk tel. 776105330<\/li>\r\n<\/ul>\r\n\r\n\r\n\r\n<ul>\r\n<li style=\"text-align: left;\"><strong>Agronomicko p\u016fdoznaleck\u00e9 posudky, vyn\u011bt\u00ed ZPF<\/strong><br \/>&#8211;\u00a0\u00a0 Ing. Milan Pizinger tel. 731471706<\/li>\r\n<\/ul>\r\n\r\n\r\n\r\n<ul>\r\n<li style=\"text-align: left;\"><strong>Rozpo\u010dtov\u00e1n\u00ed staveb<\/strong><br \/>&#8211;\u00a0\u00a0 Michal Robotka tel. 602470373 <\/li>\r\n<\/ul>\r\n\r\n\r\n\r\n<ul>\r\n<li style=\"text-align: left;\"><strong>Projektov\u00e1n\u00ed elektroinstalac\u00ed a elektro<\/strong><br \/>&#8211;\u00a0 Ing. Zden\u011bk Trachta tel. 731469010<\/li>\r\n<\/ul>\r\n\r\n\r\n\r\n<ul>\r\n<li style=\"text-align: left;\"><strong>Po\u017e\u00e1rn\u011b bezpe\u010dnostn\u00ed \u0159e\u0161en\u00ed stavby<\/strong><br \/>&#8211;\u00a0 Vladim\u00edr Fu\u010d\u00edk tel. 604442606 <\/li>\r\n<\/ul>\r\n\r\n\r\n\r\n<ul>\r\n<li style=\"text-align: left;\"><strong>Architektonick\u00e9 studie a n\u00e1vrhy <\/strong><br \/>&#8211;\u00a0 Ing. Petra \u0160mejkalov\u00e1 tel. 777560599<\/li>\r\n<\/ul>\r\n\r\n\r\n\r\n<ul>\r\n<li style=\"text-align: left;\"><strong>Vodohospod\u00e1\u0159sk\u00e9 stavby <\/strong><br \/>&#8211;\u00a0 Ing. Lada K\u016fsov\u00e1 tel. 377473477 <\/li>\r\n<\/ul>\r\n\r\n\r\n\r\n<ul>\r\n<li style=\"text-align: left;\"><strong>Radonov\u00fd index pozemku, eventueln\u011b radonov\u00e1 opat\u0159en\u00ed a geologick\u00e9 posudky<\/strong> <br \/>&#8211; Ing. Jaroslav Chude\u0161 tel.603279550<\/li>\r\n<\/ul>\r\n\r\n\r\n\r\n<ul>\r\n<li style=\"text-align: left;\"><strong>Radonov\u00fd index pozemku, eventueln\u011b radonov\u00e1 opat\u0159en\u00ed a geologick\u00e9 posudky<\/strong> <br \/>&#8211; Michal Chude\u0161 tel.603722415 <\/li>\r\n<\/ul>\r\n","protected":false},"excerpt":{"rendered":"<p>V\u00fd\u0161kopisn\u00e9 zam\u011b\u0159en\u00ed pozemk\u016f, geodetick\u00e9 pr\u00e1ce a vyt\u00fd\u010den\u00ed staveb&#8211; Bc. Jan Klav\u00edk tel. 603716187 Radonov\u00fd index pozemku, eventueln\u011b radonov\u00e1 opat\u0159en\u00ed&#8211; Mgr.Michal&hellip;<\/p>\n","protected":false},"author":1,"featured_media":0,"parent":0,"menu_order":0,"comment_status":"closed","ping_status":"closed","template":"","meta":{"footnotes":""},"class_list":["post-21","page","type-page","status-publish","hentry"],"_links":{"self":[{"href":"https:\/\/www.martinkreuzer.net\/index.php\/wp-json\/wp\/v2\/pages\/21","targetHints":{"allow":["GET"]}}],"collection":[{"href":"https:\/\/www.martinkreuzer.net\/index.php\/wp-json\/wp\/v2\/pages"}],"about":[{"href":"https:\/\/www.martinkreuzer.net\/index.php\/wp-json\/wp\/v2\/types\/page"}],"author":[{"embeddable":true,"href":"https:\/\/www.martinkreuzer.net\/index.php\/wp-json\/wp\/v2\/users\/1"}],"replies":[{"embeddable":true,"href":"https:\/\/www.martinkreuzer.net\/index.php\/wp-json\/wp\/v2\/comments?post=21"}],"version-history":[{"count":1,"href":"https:\/\/www.martinkreuzer.net\/index.php\/wp-json\/wp\/v2\/pages\/21\/revisions"}],"predecessor-version":[{"id":23,"href":"https:\/\/www.martinkreuzer.net\/index.php\/wp-json\/wp\/v2\/pages\/21\/revisions\/23"}],"wp:attachment":[{"href":"https:\/\/www.martinkreuzer.net\/index.php\/wp-json\/wp\/v2\/media?parent=21"}],"curies":[{"name":"wp","href":"https:\/\/api.w.org\/{rel}","templated":true}]}}