{"id":18,"date":"2019-05-15T15:19:33","date_gmt":"2019-05-15T13:19:33","guid":{"rendered":"https:\/\/www.martinkreuzer.net\/?page_id=18"},"modified":"2019-05-15T15:19:33","modified_gmt":"2019-05-15T13:19:33","slug":"reference","status":"publish","type":"page","link":"https:\/\/www.martinkreuzer.net\/index.php\/reference\/","title":{"rendered":"reference"},"content":{"rendered":"\r\n<table class=\"wp-block-table\">\r\n<tbody>\r\n<tr>\r\n<td>\r\n<p><strong> Z cel\u00e9 \u0159ady vyhotoven\u00fdch projektov\u00fdch dokumentac\u00ed stavby vyb\u00edr\u00e1me:<\/strong> <br \/><br \/>&#8211;\u00a0 6 \u0158adov\u00fdch rodinn\u00fdch dom\u016f <br \/>&#8211;\u00a0 Truhl\u00e1\u0159sk\u00e1 d\u00edlna <br \/>&#8211;\u00a0 Kamenn\u00e1 op\u011brn\u00e1 ze\u010f u silnice <br \/>&#8211;\u00a0 Kanaliza\u010dn\u00ed a vodovodn\u00ed p\u0159\u00edpojky <br \/>&#8211;\u00a0 Novostavby rodinn\u00fdch dom\u016f <br \/>&#8211;\u00a0 Pergoly a zahradn\u00ed stavby <br \/>&#8211;\u00a0 Gar\u00e1\u017ee <br \/>&#8211;\u00a0 Sklad oceli <br \/>&#8211;\u00a0 P\u0159\u00edst\u0159e\u0161ek na d\u0159evo a sl\u00e1mu <br \/>&#8211;\u00a0 Rekrea\u010dn\u00ed objekty <br \/>&#8211;\u00a0 Zast\u0159e\u0161en\u00ed hospod\u00e1\u0159sk\u00e9ho pavilonu mate\u0159sk\u00e9 \u0161koly <br \/>&#8211;\u00a0 N\u00e1stavba a stavebn\u00ed \u00fapravy mate\u0159sk\u00e9 \u0161koly na ateli\u00e9r pro p\u0159ed\u0161koln\u00ed d\u011bti <br \/>&#8211;\u00a0 Stavebn\u00ed \u00fapravy t\u011blocvi\u010dny z\u00e1kladn\u00ed \u0161koly <br \/>&#8211;\u00a0 Podnikatelsk\u00e9 objekty (autod\u00edlna, pneuservis, truhl\u00e1rna apod.) <br \/>&#8211;\u00a0 \u010cerpac\u00ed stanice pohonn\u00fdch hmot<\/p>\r\n<\/td>\r\n<\/tr>\r\n<\/tbody>\r\n<\/table>\r\n","protected":false},"excerpt":{"rendered":"<p>Z cel\u00e9 \u0159ady vyhotoven\u00fdch projektov\u00fdch dokumentac\u00ed stavby vyb\u00edr\u00e1me: &#8211;\u00a0 6 \u0158adov\u00fdch rodinn\u00fdch dom\u016f &#8211;\u00a0 Truhl\u00e1\u0159sk\u00e1 d\u00edlna &#8211;\u00a0 Kamenn\u00e1 op\u011brn\u00e1 ze\u010f&hellip;<\/p>\n","protected":false},"author":1,"featured_media":0,"parent":0,"menu_order":0,"comment_status":"closed","ping_status":"closed","template":"","meta":{"footnotes":""},"class_list":["post-18","page","type-page","status-publish","hentry"],"_links":{"self":[{"href":"https:\/\/www.martinkreuzer.net\/index.php\/wp-json\/wp\/v2\/pages\/18","targetHints":{"allow":["GET"]}}],"collection":[{"href":"https:\/\/www.martinkreuzer.net\/index.php\/wp-json\/wp\/v2\/pages"}],"about":[{"href":"https:\/\/www.martinkreuzer.net\/index.php\/wp-json\/wp\/v2\/types\/page"}],"author":[{"embeddable":true,"href":"https:\/\/www.martinkreuzer.net\/index.php\/wp-json\/wp\/v2\/users\/1"}],"replies":[{"embeddable":true,"href":"https:\/\/www.martinkreuzer.net\/index.php\/wp-json\/wp\/v2\/comments?post=18"}],"version-history":[{"count":1,"href":"https:\/\/www.martinkreuzer.net\/index.php\/wp-json\/wp\/v2\/pages\/18\/revisions"}],"predecessor-version":[{"id":20,"href":"https:\/\/www.martinkreuzer.net\/index.php\/wp-json\/wp\/v2\/pages\/18\/revisions\/20"}],"wp:attachment":[{"href":"https:\/\/www.martinkreuzer.net\/index.php\/wp-json\/wp\/v2\/media?parent=18"}],"curies":[{"name":"wp","href":"https:\/\/api.w.org\/{rel}","templated":true}]}}